{"id":3087,"date":"2023-10-31T14:17:26","date_gmt":"2023-10-31T14:17:26","guid":{"rendered":"https:\/\/mapasplastik.com\/eng\/?page_id=3087"},"modified":"2023-12-08T22:09:44","modified_gmt":"2023-12-08T22:09:44","slug":"referances","status":"publish","type":"page","link":"https:\/\/mapasplastik.com\/eng\/referances\/","title":{"rendered":"References"},"content":{"rendered":"\n<!-- Page Center Start-->\n\t<div id=\"pagecenter\">\n\t\t<!--Body Start -->\n\t\t<div id=\"wrapper\">\n\t\t\t<a id=\"referanslar\" name=\"referanslar\"><\/a>\n\t\t\t<div id=\"content\">\n\t\t\t\t<h3>Our references<\/h3>\n\t\t\t\t<table border=\"0\" cellpadding=\"0\" cellspacing=\"0\" style=\"border-color:#09F; \" width=\"100%\">\n\t\t\t\t\t<tbody>\n\t\t\t\t\t\t<tr>\n\t\t\t\t\t\t\t<td align=\"center\" valign=\"middle\" width=\"190\">\n\t\t\t\t\t\t\t\t<img loading=\"lazy\" decoding=\"async\" height=\"110\" name=\"logo1\" src=\"\/wp-content\/uploads\/2023\/11\/aks.jpg\" width=\"190\"><\/td>\n\t\t\t\t\t\t\t<td align=\"center\" valign=\"middle\" width=\"190\">\n\t\t\t\t\t\t\t\t<img loading=\"lazy\" decoding=\"async\" height=\"110\" name=\"logo2\" src=\"\/wp-content\/uploads\/2023\/11\/adus.jpg\" width=\"190\"><\/td>\n\t\t\t\t\t\t\t<td align=\"center\" valign=\"middle\" width=\"190\">\n\t\t\t\t\t\t\t\t<img loading=\"lazy\" decoding=\"async\" height=\"110\" name=\"logo3\" src=\"\/wp-content\/uploads\/2023\/11\/artemis.jpg\" width=\"190\"><\/td>\n\t\t\t\t\t\t\t<td align=\"center\" valign=\"middle\" width=\"190\">\n\t\t\t\t\t\t\t\t<img loading=\"lazy\" decoding=\"async\" height=\"110\" name=\"logo4\" src=\"\/wp-content\/uploads\/2023\/11\/ayza-dus.jpg\" width=\"190\"><\/td>\n\t\t\t\t\t\t\t<td align=\"center\" valign=\"middle\" width=\"190\">\n\t\t\t\t\t\t\t\t<img loading=\"lazy\" decoding=\"async\" height=\"110\" name=\"logo5\" src=\"\/wp-content\/uploads\/2023\/11\/banlux.jpg\" width=\"190\"><\/td>\n\t\t\t\t\t\t<\/tr>\n\t\t\t\t\t\t<tr>\n\t\t\t\t\t\t\t<td align=\"center\" bgcolor=\"#F0F0F0\">\n\t\t\t\t\t\t\t\t<span style=\"font:bold 11px Verdana, Geneva, sans-serif;\">A.K.S. Aluminyum Ltd. \u015eti<br>\n\t\t\t\t\t\t\t\tISTANBUL<\/span><\/td>\n\t\t\t\t\t\t\t<td align=\"center\" bgcolor=\"#F0F0F0\">\n\t\t\t\t\t\t\t\t<span style=\"font:bold 11px Verdana, Geneva, sans-serif;\">A-DU\u015e Ltd. \u015eti.<br>\n\t\t\t\t\t\t\t\tIZMIR<\/span><\/td>\n\t\t\t\t\t\t\t<td align=\"center\" bgcolor=\"#F0F0F0\">\n\t\t\t\t\t\t\t\t<span style=\"font:bold 11px Verdana, Geneva, sans-serif;\">ARTEMIS A.\u015e<br>\n\t\t\t\t\t\t\t\tGEBZE<\/span><\/td>\n\t\t\t\t\t\t\t<td align=\"center\" bgcolor=\"#F0F0F0\">\n\t\t\t\t\t\t\t\t<span style=\"font:bold 11px Verdana, Geneva, sans-serif;\">AY_ZA DU\u015e<br>\n\t\t\t\t\t\t\t\tISTANBUL<\/span><\/td>\n\t\t\t\t\t\t\t<td align=\"center\" bgcolor=\"#F0F0F0\">\n\t\t\t\t\t\t\t\t<span style=\"font:bold 11px Verdana, Geneva, sans-serif;\">BANL\u00dcKS DU\u015e<br>\n\t\t\t\t\t\t\t\t\u00c7ORLU<\/span><\/td>\n\t\t\t\t\t\t<\/tr>\n\t\t\t\t\t\t<tr>\n\t\t\t\t\t\t\t<td>\n\t\t\t\t\t\t\t\t&nbsp;<\/td>\n\t\t\t\t\t\t\t<td>\n\t\t\t\t\t\t\t\t&nbsp;<\/td>\n\t\t\t\t\t\t\t<td>\n\t\t\t\t\t\t\t\t&nbsp;<\/td>\n\t\t\t\t\t\t\t<td>\n\t\t\t\t\t\t\t\t&nbsp;<\/td>\n\t\t\t\t\t\t\t<td>\n\t\t\t\t\t\t\t\t&nbsp;<\/td>\n\t\t\t\t\t\t<\/tr>\n\t\t\t\t\t\t<tr>\n\t\t\t\t\t\t\t<td align=\"center\" valign=\"middle\">\n\t\t\t\t\t\t\t\t<img loading=\"lazy\" decoding=\"async\" height=\"110\" name=\"logo6\" src=\"\/wp-content\/uploads\/2023\/11\/blackstone.jpg\" width=\"190\"><\/td>\n\t\t\t\t\t\t\t<td align=\"center\" valign=\"middle\">\n\t\t\t\t\t\t\t\t<img loading=\"lazy\" decoding=\"async\" height=\"110\" name=\"logo7\" src=\"\/wp-content\/uploads\/2023\/11\/mapas_black.jpg\" width=\"190\"><\/td>\n\t\t\t\t\t\t\t<td align=\"center\" valign=\"middle\">\n\t\t\t\t\t\t\t\t<img loading=\"lazy\" decoding=\"async\" height=\"110\" name=\"logo8\" src=\"\/wp-content\/uploads\/2023\/11\/mapas_black.jpg\" width=\"190\"><\/td>\n\t\t\t\t\t\t\t<td align=\"center\" valign=\"middle\">\n\t\t\t\t\t\t\t\t<img loading=\"lazy\" decoding=\"async\" height=\"110\" name=\"logo9\" src=\"\/wp-content\/uploads\/2023\/11\/mapas_black.jpg\" width=\"190\"><\/td>\n\t\t\t\t\t\t\t<td align=\"center\" valign=\"middle\">\n\t\t\t\t\t\t\t\t<img loading=\"lazy\" decoding=\"async\" height=\"110\" name=\"logo10\" src=\"\/wp-content\/uploads\/2023\/11\/dusal.jpg\" width=\"190\"><\/td>\n\t\t\t\t\t\t<\/tr>\n\t\t\t\t\t\t<tr>\n\t\t\t\t\t\t\t<td align=\"center\" bgcolor=\"#F0F0F0\">\n\t\t\t\t\t\t\t\t<span style=\"font:bold 11px Verdana, Geneva, sans-serif;\">BLACKSTONE &#8211; KARYA<br>\n\t\t\t\t\t\t\t\tISTANBUL<\/span><\/td>\n\t\t\t\t\t\t\t<td align=\"center\" bgcolor=\"#F0F0F0\">\n\t\t\t\t\t\t\t\t<span style=\"font:bold 11px Verdana, Geneva, sans-serif;\">CORELLA Du\u015f Ltd. \u015eti.<br>\n\t\t\t\t\t\t\t\tADANA<\/span><\/td>\n\t\t\t\t\t\t\t<td align=\"center\" bgcolor=\"#F0F0F0\">\n\t\t\t\t\t\t\t\t<span style=\"font:bold 11px Verdana, Geneva, sans-serif;\">Damla Du\u015f<br>\n\t\t\t\t\t\t\t\tISTANBUL<\/span><\/td>\n\t\t\t\t\t\t\t<td align=\"center\" bgcolor=\"#F0F0F0\">\n\t\t\t\t\t\t\t\t<span style=\"font:bold 11px Verdana, Geneva, sans-serif;\">Derpina Du\u015f<br>\n\t\t\t\t\t\t\t\tISTANBUL<\/span><\/td>\n\t\t\t\t\t\t\t<td align=\"center\" bgcolor=\"#F0F0F0\">\n\t\t\t\t\t\t\t\t<span style=\"font:bold 11px Verdana, Geneva, sans-serif;\">Du\u015f&#8217;Al Ltd. \u015eti.<br>\n\t\t\t\t\t\t\t\tANKARA<\/span><\/td>\n\t\t\t\t\t\t<\/tr>\n\t\t\t\t\t\t<tr>\n\t\t\t\t\t\t\t<td>\n\t\t\t\t\t\t\t\t&nbsp;<\/td>\n\t\t\t\t\t\t\t<td>\n\t\t\t\t\t\t\t\t&nbsp;<\/td>\n\t\t\t\t\t\t\t<td>\n\t\t\t\t\t\t\t\t&nbsp;<\/td>\n\t\t\t\t\t\t\t<td>\n\t\t\t\t\t\t\t\t&nbsp;<\/td>\n\t\t\t\t\t\t\t<td>\n\t\t\t\t\t\t\t\t&nbsp;<\/td>\n\t\t\t\t\t\t<\/tr>\n\t\t\t\t\t\t<tr>\n\t\t\t\t\t\t\t<td align=\"center\" valign=\"middle\">\n\t\t\t\t\t\t\t\t<img loading=\"lazy\" decoding=\"async\" height=\"110\" name=\"logo11\" src=\"\/wp-content\/uploads\/2023\/11\/dusaluks.jpg\" width=\"190\"><\/td>\n\t\t\t\t\t\t\t<td align=\"center\" valign=\"middle\">\n\t\t\t\t\t\t\t\t<img loading=\"lazy\" decoding=\"async\" height=\"110\" name=\"logo12\" src=\"\/wp-content\/uploads\/2023\/11\/ece.jpg\" width=\"190\"><\/td>\n\t\t\t\t\t\t\t<td align=\"center\" valign=\"middle\">\n\t\t\t\t\t\t\t\t<img loading=\"lazy\" decoding=\"async\" height=\"110\" name=\"logo13\" src=\"\/wp-content\/uploads\/2023\/11\/mapas_black.jpg\" width=\"190\"><\/td>\n\t\t\t\t\t\t\t<td align=\"center\" valign=\"middle\">\n\t\t\t\t\t\t\t\t<img loading=\"lazy\" decoding=\"async\" height=\"110\" name=\"logo14\" src=\"\/wp-content\/uploads\/2023\/11\/mapas_black.jpg\" width=\"190\"><\/td>\n\t\t\t\t\t\t\t<td align=\"center\" valign=\"middle\">\n\t\t\t\t\t\t\t\t<img loading=\"lazy\" decoding=\"async\" height=\"110\" name=\"logo15\" src=\"\/wp-content\/uploads\/2023\/11\/10-formina.jpg\" width=\"190\"><\/td>\n\t\t\t\t\t\t<\/tr>\n\t\t\t\t\t\t<tr>\n\t\t\t\t\t\t\t<td align=\"center\" bgcolor=\"#F0F0F0\">\n\t\t\t\t\t\t\t\t<span style=\"font:bold 11px Verdana, Geneva, sans-serif;\">Du\u015fal\u00fcks Ltd. \u015eti.<br>\n\t\t\t\t\t\t\t\tISTANBUL<\/span><\/td>\n\t\t\t\t\t\t\t<td align=\"center\" bgcolor=\"#F0F0F0\">\n\t\t\t\t\t\t\t\t<span style=\"font:bold 11px Verdana, Geneva, sans-serif;\">Ece Du\u015f Ltd. \u015eti.<br>\n\t\t\t\t\t\t\t\tANKARA<\/span><\/td>\n\t\t\t\t\t\t\t<td align=\"center\" bgcolor=\"#F0F0F0\">\n\t\t\t\t\t\t\t\t<span style=\"font:bold 11px Verdana, Geneva, sans-serif;\">EKOLDU\u015e ERCAN IN\u015e.<br>\n\t\t\t\t\t\t\t\tLTD. \u015eTI. \/ ISTANBUL<\/span><\/td>\n\t\t\t\t\t\t\t<td align=\"center\" bgcolor=\"#F0F0F0\">\n\t\t\t\t\t\t\t\t<span style=\"font:bold 11px Verdana, Geneva, sans-serif;\">ES PLAST<br>\n\t\t\t\t\t\t\t\tISTANBUL<\/span><\/td>\n\t\t\t\t\t\t\t<td align=\"center\" bgcolor=\"#F0F0F0\">\n\t\t\t\t\t\t\t\t<span style=\"font:bold 11px Verdana, Geneva, sans-serif;\">FORMINA &#8211; ECE SERAMIK<br>\n\t\t\t\t\t\t\t\tLTD. \u015eTI. \/ ZONGULDAK<\/span><\/td>\n\t\t\t\t\t\t<\/tr>\n\t\t\t\t\t\t<tr>\n\t\t\t\t\t\t\t<td>\n\t\t\t\t\t\t\t\t&nbsp;<\/td>\n\t\t\t\t\t\t\t<td>\n\t\t\t\t\t\t\t\t&nbsp;<\/td>\n\t\t\t\t\t\t\t<td>\n\t\t\t\t\t\t\t\t&nbsp;<\/td>\n\t\t\t\t\t\t\t<td>\n\t\t\t\t\t\t\t\t&nbsp;<\/td>\n\t\t\t\t\t\t\t<td>\n\t\t\t\t\t\t\t\t&nbsp;<\/td>\n\t\t\t\t\t\t<\/tr>\n\t\t\t\t\t\t<tr>\n\t\t\t\t\t\t\t<td align=\"center\" valign=\"middle\">\n\t\t\t\t\t\t\t\t<img loading=\"lazy\" decoding=\"async\" height=\"110\" name=\"logo16\" src=\"\/wp-content\/uploads\/2023\/11\/kabinet.jpg\" width=\"190\"><\/td>\n\t\t\t\t\t\t\t<td align=\"center\" valign=\"middle\">\n\t\t\t\t\t\t\t\t<img loading=\"lazy\" decoding=\"async\" height=\"110\" name=\"logo17\" src=\"\/wp-content\/uploads\/2023\/11\/kardus.jpg\" width=\"190\"><\/td>\n\t\t\t\t\t\t\t<td align=\"center\" valign=\"middle\">\n\t\t\t\t\t\t\t\t<img loading=\"lazy\" decoding=\"async\" height=\"110\" name=\"logo18\" src=\"\/wp-content\/uploads\/2023\/11\/keops.jpg\" width=\"190\"><\/td>\n\t\t\t\t\t\t\t<td align=\"center\" valign=\"middle\">\n\t\t\t\t\t\t\t\t<img decoding=\"async\" src=\"http:\/\/www.freeimagehosting.net\/newuploads\/8wtro.jpg\" style=\"width: 225px; \"><\/td>\n\t\t\t\t\t\t\t<td align=\"center\" valign=\"middle\">\n\t\t\t\t\t\t\t\t<img loading=\"lazy\" decoding=\"async\" height=\"110\" name=\"logo20\" src=\"\/wp-content\/uploads\/2023\/11\/mapas_black.jpg\" width=\"190\"><\/td>\n\t\t\t\t\t\t<\/tr>\n\t\t\t\t\t\t<tr>\n\t\t\t\t\t\t\t<td align=\"center\" bgcolor=\"#F0F0F0\">\n\t\t\t\t\t\t\t\t<span style=\"font:bold 11px Verdana, Geneva, sans-serif;\">KABINET LTD. \u015eTI.<br>\n\t\t\t\t\t\t\t\tISTANBUL<\/span><\/td>\n\t\t\t\t\t\t\t<td align=\"center\" bgcolor=\"#F0F0F0\">\n\t\t\t\t\t\t\t\t<span style=\"font:bold 11px Verdana, Geneva, sans-serif;\">KARDU\u015e ALKILI\u00c7LAR<br>\n\t\t\t\t\t\t\t\tLTD. \u015eTI. \/ SAMSUN<\/span><\/td>\n\t\t\t\t\t\t\t<td align=\"center\" bgcolor=\"#F0F0F0\">\n\t\t\t\t\t\t\t\t<span style=\"font:bold 11px Verdana, Geneva, sans-serif;\">KEOPS &#8211; MERT BANYO<br>\n\t\t\t\t\t\t\t\tLTD. \u015eTI. \/ ISTANBUL<\/span><\/td>\n\t\t\t\t\t\t\t<td align=\"center\" bgcolor=\"#F0F0F0\">\n\t\t\t\t\t\t\t\t<span style=\"font:bold 11px Verdana, Geneva, sans-serif;\">KORKMAZ TICARET<br>\n\t\t\t\t\t\t\t\tIZMIR<\/span><\/td>\n\t\t\t\t\t\t\t<td align=\"center\" bgcolor=\"#F0F0F0\">\n\t\t\t\t\t\t\t\t<span style=\"font:bold 11px Verdana, Geneva, sans-serif;\">LINEA DU\u015e<br>\n\t\t\t\t\t\t\t\tISTANBUL<\/span><\/td>\n\t\t\t\t\t\t<\/tr>\n\t\t\t\t\t\t<tr>\n\t\t\t\t\t\t\t<td>\n\t\t\t\t\t\t\t\t&nbsp;<\/td>\n\t\t\t\t\t\t\t<td>\n\t\t\t\t\t\t\t\t&nbsp;<\/td>\n\t\t\t\t\t\t\t<td>\n\t\t\t\t\t\t\t\t&nbsp;<\/td>\n\t\t\t\t\t\t\t<td>\n\t\t\t\t\t\t\t\t&nbsp;<\/td>\n\t\t\t\t\t\t\t<td>\n\t\t\t\t\t\t\t\t&nbsp;<\/td>\n\t\t\t\t\t\t<\/tr>\n\t\t\t\t\t\t<tr>\n\t\t\t\t\t\t\t<td align=\"center\" valign=\"middle\">\n\t\t\t\t\t\t\t\t<img loading=\"lazy\" decoding=\"async\" height=\"110\" name=\"logo21\" src=\"\/wp-content\/uploads\/2023\/11\/moduldus.jpg\" width=\"190\"><\/td>\n\t\t\t\t\t\t\t<td align=\"center\" valign=\"middle\">\n\t\t\t\t\t\t\t\t<img loading=\"lazy\" decoding=\"async\" height=\"110\" name=\"logo22\" src=\"\/wp-content\/uploads\/2023\/11\/novacryl.jpg\" width=\"190\"><\/td>\n\t\t\t\t\t\t\t<td align=\"center\" valign=\"middle\">\n\t\t\t\t\t\t\t\t<img loading=\"lazy\" decoding=\"async\" height=\"110\" name=\"logo23\" src=\"\/wp-content\/uploads\/2023\/11\/onka.jpg\" width=\"190\"><\/td>\n\t\t\t\t\t\t\t<td align=\"center\" valign=\"middle\">\n\t\t\t\t\t\t\t\t<img loading=\"lazy\" decoding=\"async\" height=\"110\" name=\"logo24\" src=\"\/wp-content\/uploads\/2023\/11\/lider.jpg\" width=\"190\"><\/td>\n\t\t\t\t\t\t\t<td align=\"center\" valign=\"middle\">\n\t\t\t\t\t\t\t\t<img loading=\"lazy\" decoding=\"async\" height=\"110\" name=\"logo25\" src=\"\/wp-content\/uploads\/2023\/11\/pakdus.jpg\" width=\"190\"><\/td>\n\t\t\t\t\t\t<\/tr>\n\t\t\t\t\t\t<tr>\n\t\t\t\t\t\t\t<td align=\"center\" bgcolor=\"#F0F0F0\">\n\t\t\t\t\t\t\t\t<span style=\"font:bold 11px Verdana, Geneva, sans-serif;\">MOD\u00dcLDU\u015e LTD. \u015eTI.<br>\n\t\t\t\t\t\t\t\tANKARA<\/span><\/td>\n\t\t\t\t\t\t\t<td align=\"center\" bgcolor=\"#F0F0F0\">\n\t\t\t\t\t\t\t\t<span style=\"font:bold 11px Verdana, Geneva, sans-serif;\">NOVACRYL AKPLAST POLYESTER LTD. \u015eTI. ISTANBUL<\/span><\/td>\n\t\t\t\t\t\t\t<td align=\"center\" bgcolor=\"#F0F0F0\">\n\t\t\t\t\t\t\t\t<span style=\"font:bold 11px Verdana, Geneva, sans-serif;\">ONKA ELEKTRIK SANAYI<br>\n\t\t\t\t\t\t\t\tLTD. \u015eTI. \/ ISTANBUL<\/span><\/td>\n\t\t\t\t\t\t\t<td align=\"center\" bgcolor=\"#F0F0F0\">\n\t\t\t\t\t\t\t\t<span style=\"font:bold 11px Verdana, Geneva, sans-serif;\">\u00d6ZLIDER A.\u015e.<br>\n\t\t\t\t\t\t\t\tISTANBUL<\/span><\/td>\n\t\t\t\t\t\t\t<td align=\"center\" bgcolor=\"#F0F0F0\">\n\t\t\t\t\t\t\t\t<span style=\"font:bold 11px Verdana, Geneva, sans-serif;\">PAKDU\u015e LTD. \u015eTI.<br>\n\t\t\t\t\t\t\t\tISTANBUL<\/span><\/td>\n\t\t\t\t\t\t<\/tr>\n\t\t\t\t\t\t<tr>\n\t\t\t\t\t\t\t<td>\n\t\t\t\t\t\t\t\t&nbsp;<\/td>\n\t\t\t\t\t\t\t<td>\n\t\t\t\t\t\t\t\t&nbsp;<\/td>\n\t\t\t\t\t\t\t<td>\n\t\t\t\t\t\t\t\t&nbsp;<\/td>\n\t\t\t\t\t\t\t<td>\n\t\t\t\t\t\t\t\t&nbsp;<\/td>\n\t\t\t\t\t\t\t<td>\n\t\t\t\t\t\t\t\t&nbsp;<\/td>\n\t\t\t\t\t\t<\/tr>\n\t\t\t\t\t\t<tr>\n\t\t\t\t\t\t\t<td align=\"center\" valign=\"middle\">\n\t\t\t\t\t\t\t\t<img loading=\"lazy\" decoding=\"async\" height=\"110\" name=\"logo26\" src=\"\/wp-content\/uploads\/2023\/11\/palmiye.jpg\" width=\"190\"><\/td>\n\t\t\t\t\t\t\t<td align=\"center\" valign=\"middle\">\n\t\t\t\t\t\t\t\t<img loading=\"lazy\" decoding=\"async\" height=\"110\" name=\"logo27\" src=\"\/wp-content\/uploads\/2023\/11\/mapas_black.jpg\" width=\"190\"><\/td>\n\t\t\t\t\t\t\t<td align=\"center\" valign=\"middle\">\n\t\t\t\t\t\t\t\t<img loading=\"lazy\" decoding=\"async\" height=\"110\" name=\"logo28\" src=\"\/wp-content\/uploads\/2023\/11\/paneldus.jpg\" width=\"190\"><\/td>\n\t\t\t\t\t\t\t<td align=\"center\" valign=\"middle\">\n\t\t\t\t\t\t\t\t<img loading=\"lazy\" decoding=\"async\" height=\"110\" name=\"logo29\" src=\"\/wp-content\/uploads\/2023\/11\/sanica.jpg\" width=\"190\"><\/td>\n\t\t\t\t\t\t\t<td align=\"center\" valign=\"middle\">\n\t\t\t\t\t\t\t\t<img loading=\"lazy\" decoding=\"async\" height=\"110\" name=\"logo30\" src=\"\/wp-content\/uploads\/2023\/11\/sanicor.jpg\" width=\"190\"><\/td>\n\t\t\t\t\t\t<\/tr>\n\t\t\t\t\t\t<tr>\n\t\t\t\t\t\t\t<td align=\"center\" bgcolor=\"#F0F0F0\">\n\t\t\t\t\t\t\t\t<span style=\"font:bold 11px Verdana, Geneva, sans-serif;\">PALMIYE DU\u015e LTD. \u015eTI.<br>\n\t\t\t\t\t\t\t\tISTANBUL<\/span><\/td>\n\t\t\t\t\t\t\t<td align=\"center\" bgcolor=\"#F0F0F0\">\n\t\t\t\t\t\t\t\t<span style=\"font:bold 11px Verdana, Geneva, sans-serif;\">PANDA DU\u015e<br>\n\t\t\t\t\t\t\t\tKAYSERI<\/span><\/td>\n\t\t\t\t\t\t\t<td align=\"center\" bgcolor=\"#F0F0F0\">\n\t\t\t\t\t\t\t\t<span style=\"font:bold 11px Verdana, Geneva, sans-serif;\">PANEL DU\u015e LTD. \u015eTI.<br>\n\t\t\t\t\t\t\t\tISTANBUL<\/span><\/td>\n\t\t\t\t\t\t\t<td align=\"center\" bgcolor=\"#F0F0F0\">\n\t\t\t\t\t\t\t\t<span style=\"font:bold 11px Verdana, Geneva, sans-serif;\">SANICA BANYO A.\u015e.<br>\n\t\t\t\t\t\t\t\tISTANBUL<\/span><\/td>\n\t\t\t\t\t\t\t<td align=\"center\" bgcolor=\"#F0F0F0\">\n\t\t\t\t\t\t\t\t<span style=\"font:bold 11px Verdana, Geneva, sans-serif;\">SANICOR ALUSET A.\u015e.<br>\n\t\t\t\t\t\t\t\tISTANBUL<\/span><\/td>\n\t\t\t\t\t\t<\/tr>\n\t\t\t\t\t\t<tr>\n\t\t\t\t\t\t\t<td>\n\t\t\t\t\t\t\t\t&nbsp;<\/td>\n\t\t\t\t\t\t\t<td>\n\t\t\t\t\t\t\t\t&nbsp;<\/td>\n\t\t\t\t\t\t\t<td>\n\t\t\t\t\t\t\t\t&nbsp;<\/td>\n\t\t\t\t\t\t\t<td>\n\t\t\t\t\t\t\t\t&nbsp;<\/td>\n\t\t\t\t\t\t\t<td>\n\t\t\t\t\t\t\t\t&nbsp;<\/td>\n\t\t\t\t\t\t<\/tr>\n\t\t\t\t\t\t<tr>\n\t\t\t\t\t\t\t<td align=\"center\" valign=\"middle\">\n\t\t\t\t\t\t\t\t<img loading=\"lazy\" decoding=\"async\" height=\"110\" name=\"logo31\" src=\"\/wp-content\/uploads\/2023\/11\/sunstar.jpg\" width=\"190\"><\/td>\n\t\t\t\t\t\t\t<td align=\"center\" valign=\"middle\">\n\t\t\t\t\t\t\t\t<img loading=\"lazy\" decoding=\"async\" height=\"110\" name=\"logo32\" src=\"\/wp-content\/uploads\/2023\/11\/mapas_black.jpg\" width=\"190\"><\/td>\n\t\t\t\t\t\t\t<td align=\"center\" valign=\"middle\">\n\t\t\t\t\t\t\t\t<img loading=\"lazy\" decoding=\"async\" height=\"110\" name=\"logo33\" src=\"\/wp-content\/uploads\/2023\/11\/mapas_black.jpg\" width=\"190\"><\/td>\n\t\t\t\t\t\t\t<td align=\"center\" valign=\"middle\">\n\t\t\t\t\t\t\t\t<img loading=\"lazy\" decoding=\"async\" height=\"110\" name=\"logo34\" src=\"\/wp-content\/uploads\/2023\/11\/mapas_black.jpg\" width=\"190\"><\/td>\n\t\t\t\t\t\t\t<td align=\"center\" valign=\"middle\">\n\t\t\t\t\t\t\t\t<img decoding=\"async\" name=\"logo35\" src=\"\/wp-content\/uploads\/2023\/11\/yilmaz.jpg\" style=\"width: 190px; height: 110px; \"><\/td>\n\t\t\t\t\t\t<\/tr>\n\t\t\t\t\t\t<tr>\n\t\t\t\t\t\t\t<td align=\"center\" bgcolor=\"#F0F0F0\">\n\t\t\t\t\t\t\t\t<span style=\"font:bold 11px Verdana, Geneva, sans-serif;\">SUNSTAR &#8211; K\u00dcVETSAN<br>\n\t\t\t\t\t\t\t\tLTD. \u015eTI. \/ ISTANBUL<\/span><\/td>\n\t\t\t\t\t\t\t<td align=\"center\" bgcolor=\"#F0F0F0\">\n\t\t\t\t\t\t\t\t<span style=\"font:bold 11px Verdana, Geneva, sans-serif;\">TEK DU\u015e KABIN LTD. \u015eTI.<br>\n\t\t\t\t\t\t\t\tISTANBUL<\/span><\/td>\n\t\t\t\t\t\t\t<td align=\"center\" bgcolor=\"#F0F0F0\">\n\t\t\t\t\t\t\t\t<span style=\"font:bold 11px Verdana, Geneva, sans-serif;\">TUR-ZEK LTD. \u015eTI.<br>\n\t\t\t\t\t\t\t\tIRAN<\/span><\/td>\n\t\t\t\t\t\t\t<td align=\"center\" bgcolor=\"#F0F0F0\">\n\t\t\t\t\t\t\t\t<span style=\"font:bold 11px Verdana, Geneva, sans-serif;\">YE\u015eIL DEKOR<br>\n\t\t\t\t\t\t\t\tBURSA<\/span><\/td>\n\t\t\t\t\t\t\t<td align=\"center\" bgcolor=\"#F0F0F0\">\n\t\t\t\t\t\t\t\t<span style=\"font:bold 11px Verdana, Geneva, sans-serif;\">YILMAZ PLASTIK<br>\n\t\t\t\t\t\t\t\tISTANBUL<\/span><\/td>\n\t\t\t\t\t\t<\/tr>\n\t\t\t\t\t\t<tr>\n\t\t\t\t\t\t\t<td>\n\t\t\t\t\t\t\t\t&nbsp;<\/td>\n\t\t\t\t\t\t\t<td>\n\t\t\t\t\t\t\t\t&nbsp;<\/td>\n\t\t\t\t\t\t\t<td>\n\t\t\t\t\t\t\t\t&nbsp;<\/td>\n\t\t\t\t\t\t\t<td>\n\t\t\t\t\t\t\t\t&nbsp;<\/td>\n\t\t\t\t\t\t\t<td>\n\t\t\t\t\t\t\t\t&nbsp;<\/td>\n\t\t\t\t\t\t<\/tr>\n\t\t\t\t\t\t<tr>\n\t\t\t\t\t\t\t<td align=\"center\" valign=\"middle\">\n\t\t\t\t\t\t\t\t<img loading=\"lazy\" decoding=\"async\" height=\"110\" name=\"logo31\" src=\"\/wp-content\/uploads\/2023\/11\/armand.jpg\" width=\"190\"><\/td>\n\t\t\t\t\t\t\t<td align=\"center\" valign=\"middle\">\n\t\t\t\t\t\t\t\t&nbsp;<\/td>\n\t\t\t\t\t\t\t<td align=\"center\" valign=\"middle\">\n\t\t\t\t\t\t\t\t&nbsp;<\/td>\n\t\t\t\t\t\t\t<td align=\"center\" valign=\"middle\">\n\t\t\t\t\t\t\t\t&nbsp;<\/td>\n\t\t\t\t\t\t\t<td align=\"center\" valign=\"middle\">\n\t\t\t\t\t\t\t\t&nbsp;<\/td>\n\t\t\t\t\t\t<\/tr>\n\t\t\t\t\t\t<tr>\n\t\t\t\t\t\t\t<td align=\"center\" bgcolor=\"#F0F0F0\">\n\t\t\t\t\t\t\t\t<span style=\"font:bold 11px Verdana, Geneva, sans-serif;\">ARMAND BANYO \u00dcR\u00dcNLERI \/ ISTANBUL<\/span><\/td>\n\t\t\t\t\t\t\t<td align=\"center\">\n\t\t\t\t\t\t\t\t&nbsp;<\/td>\n\t\t\t\t\t\t\t<td align=\"center\">\n\t\t\t\t\t\t\t\t&nbsp;<\/td>\n\t\t\t\t\t\t\t<td align=\"center\">\n\t\t\t\t\t\t\t\t&nbsp;<\/td>\n\t\t\t\t\t\t\t<td align=\"center\">\n\t\t\t\t\t\t\t\t&nbsp;<\/td>\n\t\t\t\t\t\t<\/tr>\n\t\t\t\t\t<\/tbody>\n\t\t\t\t<\/table>\n\t\t\t\t<h1>\n\t\t\t\t\t&nbsp;<\/h1>\n\t\t\t<\/div>\n\t\t<\/div>\n\t\t<!-- Body End --><\/div>\n\t<!-- Page Center End--><!-- Clear Start -->\n\t<div id=\"clear\" style=\"clear:both\">\n\t\t&nbsp;<\/div>\n","protected":false},"excerpt":{"rendered":"<p>Our references A.K.S. Aluminyum Ltd. \u015eti ISTANBUL A-DU\u015e Ltd. \u015eti. IZMIR ARTEMIS A.\u015e GEBZE AY_ZA DU\u015e ISTANBUL BANL\u00dcKS DU\u015e \u00c7ORLU &nbsp; &nbsp; &nbsp; &nbsp; &nbsp; BLACKSTONE &#8211; KARYA ISTANBUL CORELLA Du\u015f Ltd. \u015eti. ADANA Damla Du\u015f ISTANBUL Derpina Du\u015f ISTANBUL Du\u015f&#8217;Al Ltd. \u015eti. ANKARA &nbsp; &nbsp; &nbsp; &nbsp; &nbsp; Du\u015fal\u00fcks Ltd. \u015eti. ISTANBUL Ece Du\u015f &hellip;<\/p>\n<p class=\"read-more\"> <a class=\"\" href=\"https:\/\/mapasplastik.com\/eng\/referances\/\"> <span class=\"screen-reader-text\">References<\/span> Read More &raquo;<\/a><\/p>\n","protected":false},"author":1,"featured_media":0,"parent":0,"menu_order":0,"comment_status":"closed","ping_status":"closed","template":"","meta":{"_uag_custom_page_level_css":"","site-sidebar-layout":"default","site-content-layout":"","ast-site-content-layout":"default","site-content-style":"default","site-sidebar-style":"default","ast-global-header-display":"","ast-banner-title-visibility":"","ast-main-header-display":"","ast-hfb-above-header-display":"","ast-hfb-below-header-display":"","ast-hfb-mobile-header-display":"","site-post-title":"disabled","ast-breadcrumbs-content":"","ast-featured-img":"","footer-sml-layout":"","theme-transparent-header-meta":"","adv-header-id-meta":"","stick-header-meta":"","header-above-stick-meta":"","header-main-stick-meta":"","header-below-stick-meta":"","astra-migrate-meta-layouts":"set","ast-page-background-enabled":"default","ast-page-background-meta":{"desktop":{"background-color":"var(--ast-global-color-4)","background-image":"","background-repeat":"repeat","background-position":"center center","background-size":"auto","background-attachment":"scroll","background-type":"","background-media":"","overlay-type":"","overlay-color":"","overlay-gradient":""},"tablet":{"background-color":"","background-image":"","background-repeat":"repeat","background-position":"center center","background-size":"auto","background-attachment":"scroll","background-type":"","background-media":"","overlay-type":"","overlay-color":"","overlay-gradient":""},"mobile":{"background-color":"","background-image":"","background-repeat":"repeat","background-position":"center center","background-size":"auto","background-attachment":"scroll","background-type":"","background-media":"","overlay-type":"","overlay-color":"","overlay-gradient":""}},"ast-content-background-meta":{"desktop":{"background-color":"var(--ast-global-color-5)","background-image":"","background-repeat":"repeat","background-position":"center center","background-size":"auto","background-attachment":"scroll","background-type":"","background-media":"","overlay-type":"","overlay-color":"","overlay-gradient":""},"tablet":{"background-color":"var(--ast-global-color-5)","background-image":"","background-repeat":"repeat","background-position":"center center","background-size":"auto","background-attachment":"scroll","background-type":"","background-media":"","overlay-type":"","overlay-color":"","overlay-gradient":""},"mobile":{"background-color":"var(--ast-global-color-5)","background-image":"","background-repeat":"repeat","background-position":"center center","background-size":"auto","background-attachment":"scroll","background-type":"","background-media":"","overlay-type":"","overlay-color":"","overlay-gradient":""}},"footnotes":""},"class_list":["post-3087","page","type-page","status-publish","hentry"],"uagb_featured_image_src":{"full":false,"thumbnail":false,"medium":false,"medium_large":false,"large":false,"1536x1536":false,"2048x2048":false,"woocommerce_thumbnail":false,"woocommerce_single":false,"woocommerce_gallery_thumbnail":false},"uagb_author_info":{"display_name":"admin","author_link":"https:\/\/mapasplastik.com\/eng\/author\/admin\/"},"uagb_comment_info":0,"uagb_excerpt":"Our references A.K.S. Aluminyum Ltd. \u015eti ISTANBUL A-DU\u015e Ltd. \u015eti. IZMIR ARTEMIS A.\u015e GEBZE AY_ZA DU\u015e ISTANBUL BANL\u00dcKS DU\u015e \u00c7ORLU &nbsp; &nbsp; &nbsp; &nbsp; &nbsp; BLACKSTONE &#8211; KARYA ISTANBUL CORELLA Du\u015f Ltd. \u015eti. ADANA Damla Du\u015f ISTANBUL Derpina Du\u015f ISTANBUL Du\u015f&#8217;Al Ltd. \u015eti. ANKARA &nbsp; &nbsp; &nbsp; &nbsp; &nbsp; Du\u015fal\u00fcks Ltd. \u015eti. ISTANBUL Ece Du\u015f&hellip;","_links":{"self":[{"href":"https:\/\/mapasplastik.com\/eng\/wp-json\/wp\/v2\/pages\/3087","targetHints":{"allow":["GET"]}}],"collection":[{"href":"https:\/\/mapasplastik.com\/eng\/wp-json\/wp\/v2\/pages"}],"about":[{"href":"https:\/\/mapasplastik.com\/eng\/wp-json\/wp\/v2\/types\/page"}],"author":[{"embeddable":true,"href":"https:\/\/mapasplastik.com\/eng\/wp-json\/wp\/v2\/users\/1"}],"replies":[{"embeddable":true,"href":"https:\/\/mapasplastik.com\/eng\/wp-json\/wp\/v2\/comments?post=3087"}],"version-history":[{"count":4,"href":"https:\/\/mapasplastik.com\/eng\/wp-json\/wp\/v2\/pages\/3087\/revisions"}],"predecessor-version":[{"id":3670,"href":"https:\/\/mapasplastik.com\/eng\/wp-json\/wp\/v2\/pages\/3087\/revisions\/3670"}],"wp:attachment":[{"href":"https:\/\/mapasplastik.com\/eng\/wp-json\/wp\/v2\/media?parent=3087"}],"curies":[{"name":"wp","href":"https:\/\/api.w.org\/{rel}","templated":true}]}}